{"id":20418,"date":"2024-11-02T11:16:47","date_gmt":"2024-11-02T11:16:47","guid":{"rendered":"https:\/\/olivedrab-owl-823663.hostingersite.com\/?post_type=product&#038;p=20418"},"modified":"2024-11-03T12:50:18","modified_gmt":"2024-11-03T12:50:18","slug":"abaya-fakhama","status":"publish","type":"product","link":"https:\/\/matjaronline.shop\/index.php\/product\/abaya-fakhama\/","title":{"rendered":"\u0639\u0628\u0627\u064a\u0629 \u0627\u0644\u0641\u062e\u0627\u0645\u0629"},"content":{"rendered":"<p style=\"text-align: left;\">Abaya ample avec une longueur de corps et demi-col, taille qui convient \u00e0 tous, avec mati\u00e8re Crepe Rosa, excellent type, l\u00e9g\u00e8re et douce.<\/p>\n<p><strong>Tissu<\/strong>: Cr\u00eape Rosa Premi\u00e8re qualit\u00e9<\/p>\n<p><strong>Instructions concernant le lavage:<\/strong><\/p>\n<ul>\n<li>Lavage \u00e0 30\u00b0C \u00e0 40\u00b0C<\/li>\n<li>Repasser \u00e0 temp\u00e9rature moyenne avec vapeur<\/li>\n<li>Ne pas utiliser d\u2019eau de Javel<\/li>\n<\/ul>\n<p>&nbsp;<\/p>\n<p><strong>D\u00e9lai de livraison :\u00a0<\/strong><\/p>\n<p>Donia Lhijab s\u2019engage \u00e0 effectuer les livraisons sous 2 \u00e0 4 jours pour les articles en stock une fois votre commande pr\u00eate \u00e0 l&#8217;expedition.<\/p>\n<p>Selon la disponibilit\u00e9 en stock, la livraison peut \u00eatre tr\u00e8s rapide. Nous vous tenons inform\u00e9s du statut de votre commande.<\/p>\n<p>&nbsp;<\/p>\n<p><strong>Condition de retour :<\/strong><\/p>\n<p>Demande de change \/ Retour dans 15 Jours ( A partir de la date de livraison )<\/p>\n<p>Toute demande de retour ou \u00e9change doit \u00eatre signal\u00e9e via notre formulaire de contact (LIEN DE PAGE CONTACT) ou directement par mail \u00e0 notre service client \u00e0 contact@olivedrab-owl-823663.hostingersite.com.<\/p>\n<p>Le client doit joindre \u00e0 sa demande, le num\u00e9ro de commande concern\u00e9e par le retour, la d\u00e9signation du ou des produits concern\u00e9s par le retour, et sp\u00e9cifier s\u2019il s\u2019agit d\u2019une demande d\u2019\u00e9change ou de remboursement.<\/p>\n<p>&nbsp;<\/p>\n<p><strong>Nous contacter :<\/strong><\/p>\n<p>Contactez-nous en cas de besoin sur :<\/p>\n<p>GSM : +212699239595<\/p>\n<p>Email : Contact@olivedrab-owl-823663.hostingersite.com<\/p>\n<p>Ou directement via WhatsApp<\/p>\n","protected":false},"excerpt":{"rendered":"<p>Abaya ample avec une longueur de corps et demi-col, taille qui convient \u00e0 tous, avec mati\u00e8re Crepe Rosa, excellent type,<\/p>\n","protected":false},"featured_media":20553,"template":"","meta":[],"product_brand":[],"product_cat":[160,20],"product_tag":[],"class_list":{"0":"post-20418","1":"product","2":"type-product","3":"status-publish","4":"has-post-thumbnail","6":"product_cat-abaya","7":"product_cat-all","9":"first","10":"instock","11":"shipping-taxable","12":"purchasable","13":"product-type-variable","14":"has-default-attributes"},"_links":{"self":[{"href":"https:\/\/matjaronline.shop\/index.php\/wp-json\/wp\/v2\/product\/20418","targetHints":{"allow":["GET"]}}],"collection":[{"href":"https:\/\/matjaronline.shop\/index.php\/wp-json\/wp\/v2\/product"}],"about":[{"href":"https:\/\/matjaronline.shop\/index.php\/wp-json\/wp\/v2\/types\/product"}],"version-history":[{"count":3,"href":"https:\/\/matjaronline.shop\/index.php\/wp-json\/wp\/v2\/product\/20418\/revisions"}],"predecessor-version":[{"id":20429,"href":"https:\/\/matjaronline.shop\/index.php\/wp-json\/wp\/v2\/product\/20418\/revisions\/20429"}],"wp:featuredmedia":[{"embeddable":true,"href":"https:\/\/matjaronline.shop\/index.php\/wp-json\/wp\/v2\/media\/20553"}],"wp:attachment":[{"href":"https:\/\/matjaronline.shop\/index.php\/wp-json\/wp\/v2\/media?parent=20418"}],"wp:term":[{"taxonomy":"product_brand","embeddable":true,"href":"https:\/\/matjaronline.shop\/index.php\/wp-json\/wp\/v2\/product_brand?post=20418"},{"taxonomy":"product_cat","embeddable":true,"href":"https:\/\/matjaronline.shop\/index.php\/wp-json\/wp\/v2\/product_cat?post=20418"},{"taxonomy":"product_tag","embeddable":true,"href":"https:\/\/matjaronline.shop\/index.php\/wp-json\/wp\/v2\/product_tag?post=20418"}],"curies":[{"name":"wp","href":"https:\/\/api.w.org\/{rel}","templated":true}]}}